{"id":144,"date":"2023-10-11T17:37:52","date_gmt":"2023-10-11T20:37:52","guid":{"rendered":"https:\/\/newcolatam.com\/br\/?page_id=144"},"modified":"2023-11-07T16:30:29","modified_gmt":"2023-11-07T19:30:29","slug":"contato","status":"publish","type":"page","link":"https:\/\/newcolatam.com\/br\/contato\/","title":{"rendered":"Fale Conosco"},"content":{"rendered":"\n<p>Sua jornada come\u00e7a agora, entre em contato conosco, tire suas d\u00favidas e saiba mais sobre nossos servi\u00e7os!<\/p>\n\n\n\n<div role=\"main\" id=\"contato-c057d10e655e6813ad72\"><\/div><script type=\"text\/javascript\" src=\"https:\/\/d335luupugsy2.cloudfront.net\/js\/rdstation-forms\/stable\/rdstation-forms.min.js\"><\/script><script type=\"text\/javascript\"> new RDStationForms('contato-c057d10e655e6813ad72', 'null').createForm();<\/script>\n","protected":false},"excerpt":{"rendered":"<p>Sua jornada come\u00e7a agora, entre em contato conosco, tire suas d\u00favidas e saiba mais sobre nossos servi\u00e7os!<\/p>\n","protected":false},"author":1,"featured_media":0,"parent":0,"menu_order":0,"comment_status":"closed","ping_status":"closed","template":"","meta":{"_acf_changed":false,"footnotes":""},"class_list":["post-144","page","type-page","status-publish","hentry"],"acf":[],"_links":{"self":[{"href":"https:\/\/newcolatam.com\/br\/wp-json\/wp\/v2\/pages\/144","targetHints":{"allow":["GET"]}}],"collection":[{"href":"https:\/\/newcolatam.com\/br\/wp-json\/wp\/v2\/pages"}],"about":[{"href":"https:\/\/newcolatam.com\/br\/wp-json\/wp\/v2\/types\/page"}],"author":[{"embeddable":true,"href":"https:\/\/newcolatam.com\/br\/wp-json\/wp\/v2\/users\/1"}],"replies":[{"embeddable":true,"href":"https:\/\/newcolatam.com\/br\/wp-json\/wp\/v2\/comments?post=144"}],"version-history":[{"count":7,"href":"https:\/\/newcolatam.com\/br\/wp-json\/wp\/v2\/pages\/144\/revisions"}],"predecessor-version":[{"id":182,"href":"https:\/\/newcolatam.com\/br\/wp-json\/wp\/v2\/pages\/144\/revisions\/182"}],"wp:attachment":[{"href":"https:\/\/newcolatam.com\/br\/wp-json\/wp\/v2\/media?parent=144"}],"curies":[{"name":"wp","href":"https:\/\/api.w.org\/{rel}","templated":true}]}}